{"id":2229,"date":"2024-08-02T09:49:11","date_gmt":"2024-08-02T08:49:11","guid":{"rendered":"https:\/\/msmeforum.africa\/?page_id=2229"},"modified":"2024-08-02T13:01:50","modified_gmt":"2024-08-02T12:01:50","slug":"terms-of-agreement","status":"publish","type":"page","link":"https:\/\/msmeforum.africa\/fr\/terms-of-agreement\/","title":{"rendered":"Conditions d'utilisation"},"content":{"rendered":"<div data-elementor-type=\"wp-page\" data-elementor-id=\"2229\" class=\"elementor elementor-2229\" data-elementor-post-type=\"page\">\n\t\t\t\t\t\t<section class=\"elementor-section elementor-top-section elementor-element elementor-element-3bd8a5e elementor-section-boxed elementor-section-height-default elementor-section-height-default\" data-id=\"3bd8a5e\" data-element_type=\"section\" data-e-type=\"section\" data-settings=\"{&quot;background_background&quot;:&quot;classic&quot;,&quot;ekit_has_onepagescroll_dot&quot;:&quot;yes&quot;}\">\n\t\t\t\t\t\t\t<div class=\"elementor-background-overlay\"><\/div>\n\t\t\t\t\t\t\t<div class=\"elementor-container elementor-column-gap-default\">\n\t\t\t\t\t<div class=\"elementor-column elementor-col-100 elementor-top-column elementor-element elementor-element-5b14f4b7\" data-id=\"5b14f4b7\" data-element_type=\"column\" data-e-type=\"column\">\n\t\t\t<div class=\"elementor-widget-wrap elementor-element-populated\">\n\t\t\t\t\t\t<div class=\"elementor-element elementor-element-14d17e8c elementor-widget elementor-widget-heading\" data-id=\"14d17e8c\" data-element_type=\"widget\" data-e-type=\"widget\" data-settings=\"{&quot;_animation_tablet&quot;:&quot;fadeInUp&quot;,&quot;ekit_we_effect_on&quot;:&quot;none&quot;}\" data-widget_type=\"heading.default\">\n\t\t\t\t<div class=\"elementor-widget-container\">\n\t\t\t\t\t<h2 class=\"elementor-heading-title elementor-size-default\">Conditions d'utilisation<\/h2>\t\t\t\t<\/div>\n\t\t\t\t<\/div>\n\t\t\t\t<div class=\"elementor-element elementor-element-70614eb9 elementor-icon-list--layout-inline elementor-align-center elementor-list-item-link-full_width elementor-widget elementor-widget-icon-list\" data-id=\"70614eb9\" data-element_type=\"widget\" data-e-type=\"widget\" data-settings=\"{&quot;_animation_tablet&quot;:&quot;fadeInUp&quot;,&quot;ekit_we_effect_on&quot;:&quot;none&quot;}\" data-widget_type=\"icon-list.default\">\n\t\t\t\t<div class=\"elementor-widget-container\">\n\t\t\t\t\t\t\t<ul class=\"elementor-icon-list-items elementor-inline-items\">\n\t\t\t\t\t\t\t<li class=\"elementor-icon-list-item elementor-inline-item\">\n\t\t\t\t\t\t\t\t\t\t<span class=\"elementor-icon-list-text\">Accueil<\/span>\n\t\t\t\t\t\t\t\t\t<\/li>\n\t\t\t\t\t\t\t\t<li class=\"elementor-icon-list-item elementor-inline-item\">\n\t\t\t\t\t\t\t\t\t\t<span class=\"elementor-icon-list-text\">Conditions d'utilisation<\/span>\n\t\t\t\t\t\t\t\t\t<\/li>\n\t\t\t\t\t\t<\/ul>\n\t\t\t\t\t\t<\/div>\n\t\t\t\t<\/div>\n\t\t\t\t\t<\/div>\n\t\t<\/div>\n\t\t\t\t\t<\/div>\n\t\t<\/section>\n\t\t\t\t<section class=\"elementor-section elementor-top-section elementor-element elementor-element-2279810d elementor-section-boxed elementor-section-height-default elementor-section-height-default\" data-id=\"2279810d\" data-element_type=\"section\" data-e-type=\"section\" data-settings=\"{&quot;ekit_has_onepagescroll_dot&quot;:&quot;yes&quot;}\">\n\t\t\t\t\t\t<div class=\"elementor-container elementor-column-gap-default\">\n\t\t\t\t\t<div class=\"elementor-column elementor-col-100 elementor-top-column elementor-element elementor-element-2454b17d\" data-id=\"2454b17d\" data-element_type=\"column\" data-e-type=\"column\">\n\t\t\t<div class=\"elementor-widget-wrap elementor-element-populated\">\n\t\t\t\t\t\t<div class=\"elementor-element elementor-element-46fc469 elementor-widget elementor-widget-text-editor\" data-id=\"46fc469\" data-element_type=\"widget\" data-e-type=\"widget\" data-settings=\"{&quot;ekit_we_effect_on&quot;:&quot;none&quot;}\" data-widget_type=\"text-editor.default\">\n\t\t\t\t<div class=\"elementor-widget-container\">\n\t\t\t\t\t\t\t\t\t<ol><li><strong>Introduction<\/strong><\/li><\/ol><p>Ce site web est g\u00e9r\u00e9 par le D\u00e9partement du d\u00e9veloppement \u00e9conomique, du commerce, de l'industrie et des min\u00e9raux de l'Union africaine (CUA-ETTIM). Les termes \"nous\", \"notre\" et \"nos\" font r\u00e9f\u00e9rence \u00e0 la CUA-ETTIM. L'utilisation de notre site web est soumise aux conditions d'utilisation suivantes, telles que modifi\u00e9es de temps \u00e0 autre (les \"conditions\"). Les conditions doivent \u00eatre lues conjointement avec toutes les conditions ou clauses de non-responsabilit\u00e9 figurant dans les pages de notre site web. Veuillez lire attentivement les conditions. Les conditions s'appliquent \u00e0 tous les utilisateurs de notre site web, y compris, mais sans s'y limiter, les utilisateurs qui sont des navigateurs, des clients, des marchands, des vendeurs et\/ou des contributeurs de contenu. Si vous acc\u00e9dez \u00e0 ce site web et l'utilisez, vous acceptez d'\u00eatre li\u00e9 par les conditions et notre politique de confidentialit\u00e9 et de vous y conformer. Si vous n'acceptez pas les conditions ou notre politique de confidentialit\u00e9, vous n'\u00eates pas autoris\u00e9 \u00e0 acc\u00e9der \u00e0 notre site web, \u00e0 utiliser l'un de ses services ou \u00e0 passer une commande sur notre site web.<\/p><ol start=\"2\"><li><strong>Utilisation de notre site web<\/strong><\/li><\/ol><p>Vous acceptez d'utiliser notre site web \u00e0 des fins l\u00e9gitimes et non \u00e0 des fins ill\u00e9gales ou non autoris\u00e9es, y compris, mais sans s'y limiter, en violation de toute loi sur la propri\u00e9t\u00e9 intellectuelle ou la protection de la vie priv\u00e9e. En acceptant les conditions, vous d\u00e9clarez et garantissez que vous avez au moins l'\u00e2ge de la majorit\u00e9 dans votre \u00c9tat ou province de r\u00e9sidence et que vous \u00eates l\u00e9galement capable de conclure un contrat contraignant.<\/p><p>Vous acceptez de ne pas utiliser notre site web pour mener une activit\u00e9 qui constituerait une infraction civile ou p\u00e9nale ou violerait une loi. Vous acceptez de ne pas tenter d'interf\u00e9rer avec le r\u00e9seau ou les dispositifs de s\u00e9curit\u00e9 de notre site web ou d'obtenir un acc\u00e8s non autoris\u00e9 \u00e0 nos syst\u00e8mes.<\/p><p>Vous acceptez de nous fournir des informations personnelles exactes, telles que votre adresse \u00e9lectronique, votre adresse postale, votre num\u00e9ro de passeport, vos donn\u00e9es biographiques et d'autres coordonn\u00e9es afin de g\u00e9n\u00e9rer votre lettre de visa ou de vous contacter si n\u00e9cessaire. Vous acceptez de mettre \u00e0 jour rapidement votre compte et vos informations. Vous nous autorisez \u00e0 collecter et \u00e0 utiliser ces informations pour vous contacter conform\u00e9ment \u00e0 notre politique de confidentialit\u00e9.<\/p><ol start=\"3\"><li><strong>Conditions g\u00e9n\u00e9rales<\/strong><\/li><\/ol><p>Nous nous r\u00e9servons le droit de refuser de produire la lettre de demande de visa \u00e0 quiconque, \u00e0 tout moment et pour quelque raison que ce soit. Nous nous r\u00e9servons le droit d'apporter des modifications au site web, y compris de mettre fin, de changer, de suspendre ou d'interrompre tout aspect du site web \u00e0 tout moment, sans pr\u00e9avis. Nous pouvons imposer des r\u00e8gles ou des limites suppl\u00e9mentaires \u00e0 l'utilisation de notre site web. Vous acceptez de consulter r\u00e9guli\u00e8rement les conditions et le fait de continuer \u00e0 acc\u00e9der \u00e0 notre site web ou \u00e0 l'utiliser signifie que vous acceptez les modifications.<\/p><p>Vous acceptez que nous ne soyons pas responsables envers vous ou un tiers de toute modification, suspension ou interruption de notre site web ou de tout service, contenu, fonction ou produit offert par l'interm\u00e9diaire de notre site web.<\/p><ol start=\"4\"><li><strong>Liens vers des sites web de tiers<\/strong><\/li><\/ol><p>Les liens en provenance ou \u00e0 destination de sites web ext\u00e9rieurs \u00e0 notre site sont uniquement destin\u00e9s \u00e0 faciliter les choses. Nous n'examinons pas, n'approuvons pas, ne contr\u00f4lons pas et ne sommes pas responsables des sites li\u00e9s \u00e0 notre site web, de leur contenu, des tiers qui y sont mentionn\u00e9s ou de leurs produits et services. L'\u00e9tablissement d'un lien vers un autre site se fait \u00e0 vos risques et p\u00e9rils et nous ne pouvons \u00eatre tenus responsables de tout dommage li\u00e9 \u00e0 l'\u00e9tablissement d'un lien. Les liens vers des sites de logiciels t\u00e9l\u00e9chargeables ne sont propos\u00e9s que pour des raisons de commodit\u00e9 et nous ne sommes pas responsables des difficult\u00e9s ou des cons\u00e9quences li\u00e9es au t\u00e9l\u00e9chargement des logiciels. L'utilisation de tout logiciel t\u00e9l\u00e9charg\u00e9 est r\u00e9gie par les termes de l'accord de licence, le cas \u00e9ch\u00e9ant, qui accompagne ou est fourni avec le logiciel.<\/p><ol start=\"5\"><li><strong>Utilisation des commentaires, des r\u00e9actions et des autres contributions<\/strong><\/li><\/ol><p>Vous reconnaissez que vous \u00eates responsable des informations, profils, opinions, messages, commentaires, donn\u00e9es biographiques, informations personnelles et de tout autre contenu (collectivement, le \"contenu\") que vous publiez, distribuez ou partagez sur ou par l'interm\u00e9diaire de notre site web ou des services disponibles en relation avec notre site web. Vous reconnaissez en outre que vous avez l'enti\u00e8re responsabilit\u00e9 du contenu, y compris, mais sans s'y limiter, en ce qui concerne sa l\u00e9galit\u00e9 et sa propri\u00e9t\u00e9 en mati\u00e8re de marques, de droits d'auteur et d'autres droits de propri\u00e9t\u00e9 intellectuelle.<\/p><p>Vous acceptez que tout contenu que vous soumettez en r\u00e9ponse \u00e0 une demande sp\u00e9cifique de notre part puisse \u00eatre \u00e9dit\u00e9, adapt\u00e9, modifi\u00e9, recr\u00e9\u00e9, publi\u00e9 ou distribu\u00e9 par nous. Vous acceptez \u00e9galement que nous n'ayons aucune obligation de maintenir la confidentialit\u00e9 de tout contenu, de verser une compensation pour tout contenu ou de r\u00e9pondre \u00e0 tout contenu.<\/p><p>Vous vous engagez \u00e0 ne pas publier, distribuer ou partager sur notre site web un contenu prot\u00e9g\u00e9 par un droit d'auteur, une marque, un brevet ou tout autre droit de propri\u00e9t\u00e9 sans l'autorisation expresse du propri\u00e9taire de ce droit de propri\u00e9t\u00e9. Vous acceptez \u00e9galement que votre contenu ne soit pas ill\u00e9gal, abusif ou obsc\u00e8ne et qu'il ne contienne pas de logiciels malveillants ou de virus informatiques susceptibles d'affecter le fonctionnement de notre site web. Vous \u00eates seul responsable du contenu que vous produisez et de son exactitude. Nous n'avons aucune responsabilit\u00e9 et n'assumons aucune obligation pour tout contenu publi\u00e9 par vous ou par un tiers.<\/p><p>Nous nous r\u00e9servons le droit de mettre fin \u00e0 votre capacit\u00e9 d'utiliser notre site web et de retirer et\/ou de supprimer tout contenu. Vous acceptez ce retrait et\/ou cette suppression et renoncez \u00e0 toute r\u00e9clamation \u00e0 notre encontre pour le retrait et\/ou la suppression de votre contenu.<\/p><ol start=\"6\"><li><strong>Vos informations personnelles<\/strong><\/li><\/ol><p>Vos informations personnelles seront collect\u00e9es et ne seront pas communiqu\u00e9es \u00e0 d'autres organisations. Vous acceptez que l'AUC-ETTIM prenne des photos tout au long de l'\u00e9v\u00e9nement et qu'elles soient utilis\u00e9es pour des \u00e9v\u00e9nements promotionnels futurs.<\/p><ol start=\"7\"><li><strong>Erreurs et omissions<\/strong><\/li><\/ol><p>Veuillez noter que notre site web peut contenir des erreurs typographiques ou des inexactitudes et qu'il peut ne pas \u00eatre complet ou \u00e0 jour. Nous nous r\u00e9servons le droit de corriger toute erreur, inexactitude ou omission et de modifier ou mettre \u00e0 jour les informations \u00e0 tout moment, sans pr\u00e9avis (y compris apr\u00e8s qu'une commande a \u00e9t\u00e9 soumise). Ces erreurs, inexactitudes ou omissions peuvent concerner la description, le prix, la promotion et la disponibilit\u00e9 des produits et nous nous r\u00e9servons le droit d'annuler ou de refuser toute commande pass\u00e9e sur la base d'informations incorrectes en mati\u00e8re de prix ou de disponibilit\u00e9, dans la mesure o\u00f9 la loi applicable le permet.<\/p><p>Nous ne nous engageons pas \u00e0 mettre \u00e0 jour, \u00e0 modifier ou \u00e0 clarifier les informations sur notre site web, sauf si la loi l'exige.<\/p><ol start=\"8\"><li><strong>Clause de non-responsabilit\u00e9 et limitation de la responsabilit\u00e9<\/strong><\/li><\/ol><p>Vous assumez l'ensemble des responsabilit\u00e9s et des risques li\u00e9s \u00e0 l'utilisation de notre site web, qui est fourni \"en l'\u00e9tat\" sans garantie, repr\u00e9sentation ou condition de quelque nature que ce soit, expresse ou implicite, en ce qui concerne les informations accessibles depuis ou via notre site web, y compris, mais sans s'y limiter, l'ensemble du contenu et du mat\u00e9riel, et les fonctions et services fournis sur notre site web, qui sont tous fournis sans garantie d'aucune sorte, y compris, mais sans s'y limiter, les garanties concernant la disponibilit\u00e9, l'exactitude, l'exhaustivit\u00e9 ou l'utilit\u00e9 du contenu ou des informations, l'acc\u00e8s ininterrompu, et toute garantie de titre, d'absence de contrefa\u00e7on, de qualit\u00e9 marchande ou d'ad\u00e9quation \u00e0 un usage particulier. Nous ne garantissons pas que notre site web ou son fonctionnement, ou le contenu et le mat\u00e9riel des services mis \u00e0 disposition par ce biais seront opportuns, s\u00fbrs, ininterrompus ou exempts d'erreurs, que les d\u00e9fauts seront corrig\u00e9s, ou que nos sites web ou les serveurs qui rendent notre site web disponible sont exempts de virus ou d'autres composants nuisibles.<\/p><p>L'utilisation de notre site web se fait \u00e0 vos risques et p\u00e9rils et vous assumez l'enti\u00e8re responsabilit\u00e9 de tout risque li\u00e9 \u00e0 l'utilisation de notre site web. Nous ne serons pas responsables des dommages de toute nature li\u00e9s \u00e0 l'utilisation de notre site web.<\/p><p>En aucun cas nous, ou nos affili\u00e9s, nos ou leurs fournisseurs de contenu ou de services respectifs, ou l'un de nos ou leurs administrateurs, dirigeants, agents, contractants, fournisseurs ou employ\u00e9s respectifs ne seront responsables envers vous de tout dommage direct, indirect, sp\u00e9cial, accessoire, cons\u00e9cutif, exemplaire ou punitif, de toute perte ou cause d'action, ou de toute perte de revenus, de profits, perte d'activit\u00e9 ou de ventes, ou tout autre type de dommage, qu'il soit fond\u00e9 sur un contrat ou un d\u00e9lit (y compris la n\u00e9gligence), la responsabilit\u00e9 stricte ou autre, r\u00e9sultant de l'utilisation, de l'incapacit\u00e9 d'utilisation ou de la performance de notre site web ou du contenu, du mat\u00e9riel ou des fonctionnalit\u00e9s de notre site web, m\u00eame si nous sommes inform\u00e9s de l'\u00e9ventualit\u00e9 de tels dommages.<\/p><p>Certaines juridictions n'autorisent pas la limitation de la responsabilit\u00e9 ou l'exclusion ou la limitation de certains dommages. Dans ces juridictions, tout ou partie des clauses de non-responsabilit\u00e9, d'exclusion ou de limitation susmentionn\u00e9es peuvent ne pas s'appliquer \u00e0 vous et notre responsabilit\u00e9 sera limit\u00e9e dans toute la mesure permise par la loi.<\/p><ol start=\"9\"><li><strong>Indemnisation<\/strong><\/li><\/ol><p>Vous acceptez de nous d\u00e9fendre et de nous indemniser, ainsi que nos soci\u00e9t\u00e9s affili\u00e9es, et nos et leurs administrateurs, dirigeants, agents, contractants et employ\u00e9s respectifs, contre toute perte, responsabilit\u00e9, r\u00e9clamation, d\u00e9pense (y compris les frais de justice) d\u00e9coulant de, li\u00e9e \u00e0 ou en rapport avec votre utilisation de notre site web, votre violation des conditions, ou la publication ou la transmission de tout mat\u00e9riel sur ou via le site web par vous, y compris, mais sans s'y limiter, toute r\u00e9clamation d'un tiers selon laquelle toute information ou mat\u00e9riel fourni par vous enfreint les droits de propri\u00e9t\u00e9 d'une tierce partie.<\/p><ol start=\"10\"><li><strong>Questions ou pr\u00e9occupations<\/strong><\/li><\/ol><p>Veuillez nous envoyer vos questions, commentaires et r\u00e9actions \u00e0 l'adresse suivante <a href=\"mailto:aumsmeforum@africa-union.org\">aumsmeforum@africa-union.org<\/a><\/p>\t\t\t\t\t\t\t\t<\/div>\n\t\t\t\t<\/div>\n\t\t\t\t\t<\/div>\n\t\t<\/div>\n\t\t\t\t\t<\/div>\n\t\t<\/section>\n\t\t\t\t<\/div>","protected":false},"excerpt":{"rendered":"<p>Terms of Use Agreement Home Terms of Use Agreement Introduction This website is operated by African Union Department for Economic Development, Trade, Industry and Minerals (AUC-ETTIM). The terms \u201cwe\u201d, \u201cus\u201d, and \u201cour\u201d refer to AUC-ETTIM. The use of our website is subject to the following terms and conditions of use, as amended from time to [&hellip;]<\/p>\n","protected":false},"author":1,"featured_media":0,"parent":0,"menu_order":0,"comment_status":"closed","ping_status":"closed","template":"","meta":{"footnotes":""},"class_list":["post-2229","page","type-page","status-publish","hentry"],"yoast_head":"<!-- This site is optimized with the Yoast SEO plugin v27.4 - https:\/\/yoast.com\/product\/yoast-seo-wordpress\/ -->\n<title>Terms of Use Agreement - African Union MSME Forum<\/title>\n<meta name=\"robots\" content=\"index, follow, max-snippet:-1, max-image-preview:large, max-video-preview:-1\" \/>\n<link rel=\"canonical\" href=\"https:\/\/msmeforum.africa\/fr\/terms-of-agreement\/\" \/>\n<meta property=\"og:locale\" content=\"fr_FR\" \/>\n<meta property=\"og:type\" content=\"article\" \/>\n<meta property=\"og:title\" content=\"Terms of Use Agreement - African Union MSME Forum\" \/>\n<meta property=\"og:description\" content=\"Terms of Use Agreement Home Terms of Use Agreement Introduction This website is operated by African Union Department for Economic Development, Trade, Industry and Minerals (AUC-ETTIM). The terms \u201cwe\u201d, \u201cus\u201d, and \u201cour\u201d refer to AUC-ETTIM. The use of our website is subject to the following terms and conditions of use, as amended from time to [&hellip;]\" \/>\n<meta property=\"og:url\" content=\"https:\/\/msmeforum.africa\/fr\/terms-of-agreement\/\" \/>\n<meta property=\"og:site_name\" content=\"African Union MSME Forum\" \/>\n<meta property=\"article:publisher\" content=\"https:\/\/www.facebook.com\/AfricanUnionCommission\/\" \/>\n<meta property=\"article:modified_time\" content=\"2024-08-02T12:01:50+00:00\" \/>\n<meta name=\"twitter:card\" content=\"summary_large_image\" \/>\n<meta name=\"twitter:site\" content=\"@AU_ETTIM\" \/>\n<meta name=\"twitter:label1\" content=\"Dur\u00e9e de lecture estim\u00e9e\" \/>\n\t<meta name=\"twitter:data1\" content=\"7 minutes\" \/>\n<script type=\"application\/ld+json\" class=\"yoast-schema-graph\">{\"@context\":\"https:\\\/\\\/schema.org\",\"@graph\":[{\"@type\":\"WebPage\",\"@id\":\"https:\\\/\\\/msmeforum.africa\\\/terms-of-agreement\\\/\",\"url\":\"https:\\\/\\\/msmeforum.africa\\\/terms-of-agreement\\\/\",\"name\":\"Terms of Use Agreement - African Union MSME Forum\",\"isPartOf\":{\"@id\":\"https:\\\/\\\/msmeforum.africa\\\/#website\"},\"datePublished\":\"2024-08-02T08:49:11+00:00\",\"dateModified\":\"2024-08-02T12:01:50+00:00\",\"breadcrumb\":{\"@id\":\"https:\\\/\\\/msmeforum.africa\\\/terms-of-agreement\\\/#breadcrumb\"},\"inLanguage\":\"fr-FR\",\"potentialAction\":[{\"@type\":\"ReadAction\",\"target\":[\"https:\\\/\\\/msmeforum.africa\\\/terms-of-agreement\\\/\"]}]},{\"@type\":\"BreadcrumbList\",\"@id\":\"https:\\\/\\\/msmeforum.africa\\\/terms-of-agreement\\\/#breadcrumb\",\"itemListElement\":[{\"@type\":\"ListItem\",\"position\":1,\"name\":\"Home\",\"item\":\"https:\\\/\\\/msmeforum.africa\\\/\"},{\"@type\":\"ListItem\",\"position\":2,\"name\":\"Terms of Use Agreement\"}]},{\"@type\":\"WebSite\",\"@id\":\"https:\\\/\\\/msmeforum.africa\\\/#website\",\"url\":\"https:\\\/\\\/msmeforum.africa\\\/\",\"name\":\"MSME Forum 2024\",\"description\":\"\",\"publisher\":{\"@id\":\"https:\\\/\\\/msmeforum.africa\\\/#organization\"},\"potentialAction\":[{\"@type\":\"SearchAction\",\"target\":{\"@type\":\"EntryPoint\",\"urlTemplate\":\"https:\\\/\\\/msmeforum.africa\\\/?s={search_term_string}\"},\"query-input\":{\"@type\":\"PropertyValueSpecification\",\"valueRequired\":true,\"valueName\":\"search_term_string\"}}],\"inLanguage\":\"fr-FR\"},{\"@type\":\"Organization\",\"@id\":\"https:\\\/\\\/msmeforum.africa\\\/#organization\",\"name\":\"African Union Commission\",\"url\":\"https:\\\/\\\/msmeforum.africa\\\/\",\"logo\":{\"@type\":\"ImageObject\",\"inLanguage\":\"fr-FR\",\"@id\":\"https:\\\/\\\/msmeforum.africa\\\/#\\\/schema\\\/logo\\\/image\\\/\",\"url\":\"https:\\\/\\\/msmeforum.africa\\\/wp-content\\\/uploads\\\/2024\\\/06\\\/AU-Logo-Coloured.png\",\"contentUrl\":\"https:\\\/\\\/msmeforum.africa\\\/wp-content\\\/uploads\\\/2024\\\/06\\\/AU-Logo-Coloured.png\",\"width\":368,\"height\":126,\"caption\":\"African Union Commission\"},\"image\":{\"@id\":\"https:\\\/\\\/msmeforum.africa\\\/#\\\/schema\\\/logo\\\/image\\\/\"},\"sameAs\":[\"https:\\\/\\\/www.facebook.com\\\/AfricanUnionCommission\\\/\",\"https:\\\/\\\/x.com\\\/AU_ETTIM\",\"https:\\\/\\\/www.linkedin.com\\\/company\\\/auc-ettim\\\/\"]}]}<\/script>\n<!-- \/ Yoast SEO plugin. -->","yoast_head_json":{"title":"Terms of Use Agreement - African Union MSME Forum","robots":{"index":"index","follow":"follow","max-snippet":"max-snippet:-1","max-image-preview":"max-image-preview:large","max-video-preview":"max-video-preview:-1"},"canonical":"https:\/\/msmeforum.africa\/fr\/terms-of-agreement\/","og_locale":"fr_FR","og_type":"article","og_title":"Terms of Use Agreement - African Union MSME Forum","og_description":"Terms of Use Agreement Home Terms of Use Agreement Introduction This website is operated by African Union Department for Economic Development, Trade, Industry and Minerals (AUC-ETTIM). The terms \u201cwe\u201d, \u201cus\u201d, and \u201cour\u201d refer to AUC-ETTIM. The use of our website is subject to the following terms and conditions of use, as amended from time to [&hellip;]","og_url":"https:\/\/msmeforum.africa\/fr\/terms-of-agreement\/","og_site_name":"African Union MSME Forum","article_publisher":"https:\/\/www.facebook.com\/AfricanUnionCommission\/","article_modified_time":"2024-08-02T12:01:50+00:00","twitter_card":"summary_large_image","twitter_site":"@AU_ETTIM","twitter_misc":{"Dur\u00e9e de lecture estim\u00e9e":"7 minutes"},"schema":{"@context":"https:\/\/schema.org","@graph":[{"@type":"WebPage","@id":"https:\/\/msmeforum.africa\/terms-of-agreement\/","url":"https:\/\/msmeforum.africa\/terms-of-agreement\/","name":"Terms of Use Agreement - African Union MSME Forum","isPartOf":{"@id":"https:\/\/msmeforum.africa\/#website"},"datePublished":"2024-08-02T08:49:11+00:00","dateModified":"2024-08-02T12:01:50+00:00","breadcrumb":{"@id":"https:\/\/msmeforum.africa\/terms-of-agreement\/#breadcrumb"},"inLanguage":"fr-FR","potentialAction":[{"@type":"ReadAction","target":["https:\/\/msmeforum.africa\/terms-of-agreement\/"]}]},{"@type":"BreadcrumbList","@id":"https:\/\/msmeforum.africa\/terms-of-agreement\/#breadcrumb","itemListElement":[{"@type":"ListItem","position":1,"name":"Home","item":"https:\/\/msmeforum.africa\/"},{"@type":"ListItem","position":2,"name":"Terms of Use Agreement"}]},{"@type":"WebSite","@id":"https:\/\/msmeforum.africa\/#website","url":"https:\/\/msmeforum.africa\/","name":"Forum MSME 2024","description":"","publisher":{"@id":"https:\/\/msmeforum.africa\/#organization"},"potentialAction":[{"@type":"SearchAction","target":{"@type":"EntryPoint","urlTemplate":"https:\/\/msmeforum.africa\/?s={search_term_string}"},"query-input":{"@type":"PropertyValueSpecification","valueRequired":true,"valueName":"search_term_string"}}],"inLanguage":"fr-FR"},{"@type":"Organization","@id":"https:\/\/msmeforum.africa\/#organization","name":"Commission de l'Union africaine","url":"https:\/\/msmeforum.africa\/","logo":{"@type":"ImageObject","inLanguage":"fr-FR","@id":"https:\/\/msmeforum.africa\/#\/schema\/logo\/image\/","url":"https:\/\/msmeforum.africa\/wp-content\/uploads\/2024\/06\/AU-Logo-Coloured.png","contentUrl":"https:\/\/msmeforum.africa\/wp-content\/uploads\/2024\/06\/AU-Logo-Coloured.png","width":368,"height":126,"caption":"African Union Commission"},"image":{"@id":"https:\/\/msmeforum.africa\/#\/schema\/logo\/image\/"},"sameAs":["https:\/\/www.facebook.com\/AfricanUnionCommission\/","https:\/\/x.com\/AU_ETTIM","https:\/\/www.linkedin.com\/company\/auc-ettim\/"]}]}},"_links":{"self":[{"href":"https:\/\/msmeforum.africa\/fr\/wp-json\/wp\/v2\/pages\/2229","targetHints":{"allow":["GET"]}}],"collection":[{"href":"https:\/\/msmeforum.africa\/fr\/wp-json\/wp\/v2\/pages"}],"about":[{"href":"https:\/\/msmeforum.africa\/fr\/wp-json\/wp\/v2\/types\/page"}],"author":[{"embeddable":true,"href":"https:\/\/msmeforum.africa\/fr\/wp-json\/wp\/v2\/users\/1"}],"replies":[{"embeddable":true,"href":"https:\/\/msmeforum.africa\/fr\/wp-json\/wp\/v2\/comments?post=2229"}],"version-history":[{"count":10,"href":"https:\/\/msmeforum.africa\/fr\/wp-json\/wp\/v2\/pages\/2229\/revisions"}],"predecessor-version":[{"id":2265,"href":"https:\/\/msmeforum.africa\/fr\/wp-json\/wp\/v2\/pages\/2229\/revisions\/2265"}],"wp:attachment":[{"href":"https:\/\/msmeforum.africa\/fr\/wp-json\/wp\/v2\/media?parent=2229"}],"curies":[{"name":"wp","href":"https:\/\/api.w.org\/{rel}","templated":true}]}}