{"id":2219,"date":"2024-08-02T09:32:08","date_gmt":"2024-08-02T08:32:08","guid":{"rendered":"https:\/\/msmeforum.africa\/?page_id=2219"},"modified":"2024-08-02T13:09:09","modified_gmt":"2024-08-02T12:09:09","slug":"admission-policy","status":"publish","type":"page","link":"https:\/\/msmeforum.africa\/fr\/admission-policy\/","title":{"rendered":"Politique d'admission"},"content":{"rendered":"<div data-elementor-type=\"wp-page\" data-elementor-id=\"2219\" class=\"elementor elementor-2219\" data-elementor-post-type=\"page\">\n\t\t\t\t\t\t<section class=\"elementor-section elementor-top-section elementor-element elementor-element-3ee5c188 elementor-section-boxed elementor-section-height-default elementor-section-height-default\" data-id=\"3ee5c188\" data-element_type=\"section\" data-e-type=\"section\" data-settings=\"{&quot;background_background&quot;:&quot;classic&quot;,&quot;ekit_has_onepagescroll_dot&quot;:&quot;yes&quot;}\">\n\t\t\t\t\t\t\t<div class=\"elementor-background-overlay\"><\/div>\n\t\t\t\t\t\t\t<div class=\"elementor-container elementor-column-gap-default\">\n\t\t\t\t\t<div class=\"elementor-column elementor-col-100 elementor-top-column elementor-element elementor-element-32ef3e72\" data-id=\"32ef3e72\" data-element_type=\"column\" data-e-type=\"column\">\n\t\t\t<div class=\"elementor-widget-wrap elementor-element-populated\">\n\t\t\t\t\t\t<div class=\"elementor-element elementor-element-3826a9b7 elementor-widget elementor-widget-heading\" data-id=\"3826a9b7\" data-element_type=\"widget\" data-e-type=\"widget\" data-settings=\"{&quot;_animation_tablet&quot;:&quot;fadeInUp&quot;,&quot;ekit_we_effect_on&quot;:&quot;none&quot;}\" data-widget_type=\"heading.default\">\n\t\t\t\t<div class=\"elementor-widget-container\">\n\t\t\t\t\t<h2 class=\"elementor-heading-title elementor-size-default\">Politique d'admission<\/h2>\t\t\t\t<\/div>\n\t\t\t\t<\/div>\n\t\t\t\t<div class=\"elementor-element elementor-element-2d319dab elementor-icon-list--layout-inline elementor-align-center elementor-list-item-link-full_width elementor-widget elementor-widget-icon-list\" data-id=\"2d319dab\" data-element_type=\"widget\" data-e-type=\"widget\" data-settings=\"{&quot;_animation_tablet&quot;:&quot;fadeInUp&quot;,&quot;ekit_we_effect_on&quot;:&quot;none&quot;}\" data-widget_type=\"icon-list.default\">\n\t\t\t\t<div class=\"elementor-widget-container\">\n\t\t\t\t\t\t\t<ul class=\"elementor-icon-list-items elementor-inline-items\">\n\t\t\t\t\t\t\t<li class=\"elementor-icon-list-item elementor-inline-item\">\n\t\t\t\t\t\t\t\t\t\t<span class=\"elementor-icon-list-text\">Accueil<\/span>\n\t\t\t\t\t\t\t\t\t<\/li>\n\t\t\t\t\t\t\t\t<li class=\"elementor-icon-list-item elementor-inline-item\">\n\t\t\t\t\t\t\t\t\t\t<span class=\"elementor-icon-list-text\">Politique d'admission<\/span>\n\t\t\t\t\t\t\t\t\t<\/li>\n\t\t\t\t\t\t<\/ul>\n\t\t\t\t\t\t<\/div>\n\t\t\t\t<\/div>\n\t\t\t\t\t<\/div>\n\t\t<\/div>\n\t\t\t\t\t<\/div>\n\t\t<\/section>\n\t\t\t\t<section class=\"elementor-section elementor-top-section elementor-element elementor-element-7483db8e elementor-section-boxed elementor-section-height-default elementor-section-height-default\" data-id=\"7483db8e\" data-element_type=\"section\" data-e-type=\"section\" data-settings=\"{&quot;ekit_has_onepagescroll_dot&quot;:&quot;yes&quot;}\">\n\t\t\t\t\t\t<div class=\"elementor-container elementor-column-gap-default\">\n\t\t\t\t\t<div class=\"elementor-column elementor-col-100 elementor-top-column elementor-element elementor-element-1a7dcd06\" data-id=\"1a7dcd06\" data-element_type=\"column\" data-e-type=\"column\">\n\t\t\t<div class=\"elementor-widget-wrap elementor-element-populated\">\n\t\t\t\t\t\t<div class=\"elementor-element elementor-element-81e3464 elementor-widget elementor-widget-text-editor\" data-id=\"81e3464\" data-element_type=\"widget\" data-e-type=\"widget\" data-settings=\"{&quot;ekit_we_effect_on&quot;:&quot;none&quot;}\" data-widget_type=\"text-editor.default\">\n\t\t\t\t<div class=\"elementor-widget-container\">\n\t\t\t\t\t\t\t\t\t<p>L'AU 3<sup>rd<\/sup> Le Forum des micro, petites et moyennes entreprises (MPME) est un \u00e9v\u00e9nement de quatre (5) jours qui se tiendra du 9 au 13 septembre 2024 et sera ouvert \u00e0 tous les exposants, d\u00e9l\u00e9gu\u00e9s, ministres, VIP et m\u00e9dias pr\u00e9enregistr\u00e9s.\u00a0<\/p><p>Seuls les d\u00e9l\u00e9gu\u00e9s, les m\u00e9dias et les exposants inscrits et d\u00e9tenteurs d'un badge seront admis sur le site.<\/p><p>Les d\u00e9l\u00e9gu\u00e9s sont tenus de porter une tenue d'affaires ou une tenue traditionnelle modeste comme condition d'entr\u00e9e.<\/p><p>Toute personne participant au forum MSME doit \u00eatre munie d'une pi\u00e8ce d'identit\u00e9 avec photo (passeport, permis de conduire avec photo, carte d'identit\u00e9 nationale) ou d'une autre pi\u00e8ce d'identit\u00e9 jug\u00e9e acceptable par les organisateurs, que ces derniers peuvent demander \u00e0 voir.<\/p><p>Les personnes \u00e2g\u00e9es de moins de 16 ans ne pourront pas assister au Forum MSME.<\/p><p>Toute personne participant au forum MSME ne doit pas prendre part \u00e0 des activit\u00e9s de d\u00e9marchage, de distribution de tracts, de manifestations, de comportements r\u00e9pr\u00e9hensibles ou \u00e0 toute autre activit\u00e9 sans l'accord \u00e9crit pr\u00e9alable des organisateurs.\u00a0<\/p><p>Les organisateurs se r\u00e9servent le droit d'exclure ou d'expulser du forum MSME et du lieu de r\u00e9union toute personne qui ne respecte pas cette politique ou qu'ils consid\u00e8rent raisonnablement comme susceptible d'enfreindre ces r\u00e8gles.<\/p><p>Les photographes officiels du forum MSME prendront des photos \u00e0 3 heures du matin.<sup>rd<\/sup> Forum MSME. Les organisateurs sont autoris\u00e9s \u00e0 utiliser ces photographies, qui peuvent inclure des photographies de d\u00e9l\u00e9gu\u00e9s, \u00e0 des fins de marketing du forum MSME \u00e0 l'avenir.<\/p><p>En participant au renforcement des capacit\u00e9s et aux \u00e9v\u00e9nements du Forum MSME, vous acceptez que vos coordonn\u00e9es soient transmises \u00e0 la Commission de l'Union africaine, qui pourra vous contacter apr\u00e8s l'\u00e9v\u00e9nement.\u00a0<\/p><p><strong>Nous contacter<\/strong><\/p><p>Si vous avez des questions concernant cette politique d'admission, veuillez nous contacter :<\/p><p>Par courrier \u00e9lectronique : <a href=\"mailto:aumsmeforum@africa-union.org\">aumsmeforum@africa-union.org<\/a><\/p>\t\t\t\t\t\t\t\t<\/div>\n\t\t\t\t<\/div>\n\t\t\t\t\t<\/div>\n\t\t<\/div>\n\t\t\t\t\t<\/div>\n\t\t<\/section>\n\t\t\t\t<\/div>","protected":false},"excerpt":{"rendered":"<p>Admission Policy Home Admission Policy The AU 3rd Micro, Small and Medium-sized Enterprises (MSME) Forum is a four (5) day event on 9-13 September 2024, and will be open to all pre-registered Exhibitors, Delegates, Ministers, VIPs and Media.\u00a0 Only registered Delegates, Media and Exhibitors who are badge holders will be granted admission into the venue. [&hellip;]<\/p>\n","protected":false},"author":1,"featured_media":0,"parent":0,"menu_order":0,"comment_status":"closed","ping_status":"closed","template":"","meta":{"footnotes":""},"class_list":["post-2219","page","type-page","status-publish","hentry"],"yoast_head":"<!-- This site is optimized with the Yoast SEO plugin v27.4 - https:\/\/yoast.com\/product\/yoast-seo-wordpress\/ -->\n<title>Admission Policy - African Union MSME Forum<\/title>\n<meta name=\"robots\" content=\"index, follow, max-snippet:-1, max-image-preview:large, max-video-preview:-1\" \/>\n<link rel=\"canonical\" href=\"https:\/\/msmeforum.africa\/fr\/admission-policy\/\" \/>\n<meta property=\"og:locale\" content=\"fr_FR\" \/>\n<meta property=\"og:type\" content=\"article\" \/>\n<meta property=\"og:title\" content=\"Admission Policy - African Union MSME Forum\" \/>\n<meta property=\"og:description\" content=\"Admission Policy Home Admission Policy The AU 3rd Micro, Small and Medium-sized Enterprises (MSME) Forum is a four (5) day event on 9-13 September 2024, and will be open to all pre-registered Exhibitors, Delegates, Ministers, VIPs and Media.\u00a0 Only registered Delegates, Media and Exhibitors who are badge holders will be granted admission into the venue. [&hellip;]\" \/>\n<meta property=\"og:url\" content=\"https:\/\/msmeforum.africa\/fr\/admission-policy\/\" \/>\n<meta property=\"og:site_name\" content=\"African Union MSME Forum\" \/>\n<meta property=\"article:publisher\" content=\"https:\/\/www.facebook.com\/AfricanUnionCommission\/\" \/>\n<meta property=\"article:modified_time\" content=\"2024-08-02T12:09:09+00:00\" \/>\n<meta name=\"twitter:card\" content=\"summary_large_image\" \/>\n<meta name=\"twitter:site\" content=\"@AU_ETTIM\" \/>\n<meta name=\"twitter:label1\" content=\"Dur\u00e9e de lecture estim\u00e9e\" \/>\n\t<meta name=\"twitter:data1\" content=\"2 minutes\" \/>\n<script type=\"application\/ld+json\" class=\"yoast-schema-graph\">{\"@context\":\"https:\\\/\\\/schema.org\",\"@graph\":[{\"@type\":\"WebPage\",\"@id\":\"https:\\\/\\\/msmeforum.africa\\\/admission-policy\\\/\",\"url\":\"https:\\\/\\\/msmeforum.africa\\\/admission-policy\\\/\",\"name\":\"Admission Policy - African Union MSME Forum\",\"isPartOf\":{\"@id\":\"https:\\\/\\\/msmeforum.africa\\\/#website\"},\"datePublished\":\"2024-08-02T08:32:08+00:00\",\"dateModified\":\"2024-08-02T12:09:09+00:00\",\"breadcrumb\":{\"@id\":\"https:\\\/\\\/msmeforum.africa\\\/admission-policy\\\/#breadcrumb\"},\"inLanguage\":\"fr-FR\",\"potentialAction\":[{\"@type\":\"ReadAction\",\"target\":[\"https:\\\/\\\/msmeforum.africa\\\/admission-policy\\\/\"]}]},{\"@type\":\"BreadcrumbList\",\"@id\":\"https:\\\/\\\/msmeforum.africa\\\/admission-policy\\\/#breadcrumb\",\"itemListElement\":[{\"@type\":\"ListItem\",\"position\":1,\"name\":\"Home\",\"item\":\"https:\\\/\\\/msmeforum.africa\\\/\"},{\"@type\":\"ListItem\",\"position\":2,\"name\":\"Admission Policy\"}]},{\"@type\":\"WebSite\",\"@id\":\"https:\\\/\\\/msmeforum.africa\\\/#website\",\"url\":\"https:\\\/\\\/msmeforum.africa\\\/\",\"name\":\"MSME Forum 2024\",\"description\":\"\",\"publisher\":{\"@id\":\"https:\\\/\\\/msmeforum.africa\\\/#organization\"},\"potentialAction\":[{\"@type\":\"SearchAction\",\"target\":{\"@type\":\"EntryPoint\",\"urlTemplate\":\"https:\\\/\\\/msmeforum.africa\\\/?s={search_term_string}\"},\"query-input\":{\"@type\":\"PropertyValueSpecification\",\"valueRequired\":true,\"valueName\":\"search_term_string\"}}],\"inLanguage\":\"fr-FR\"},{\"@type\":\"Organization\",\"@id\":\"https:\\\/\\\/msmeforum.africa\\\/#organization\",\"name\":\"African Union Commission\",\"url\":\"https:\\\/\\\/msmeforum.africa\\\/\",\"logo\":{\"@type\":\"ImageObject\",\"inLanguage\":\"fr-FR\",\"@id\":\"https:\\\/\\\/msmeforum.africa\\\/#\\\/schema\\\/logo\\\/image\\\/\",\"url\":\"https:\\\/\\\/msmeforum.africa\\\/wp-content\\\/uploads\\\/2024\\\/06\\\/AU-Logo-Coloured.png\",\"contentUrl\":\"https:\\\/\\\/msmeforum.africa\\\/wp-content\\\/uploads\\\/2024\\\/06\\\/AU-Logo-Coloured.png\",\"width\":368,\"height\":126,\"caption\":\"African Union Commission\"},\"image\":{\"@id\":\"https:\\\/\\\/msmeforum.africa\\\/#\\\/schema\\\/logo\\\/image\\\/\"},\"sameAs\":[\"https:\\\/\\\/www.facebook.com\\\/AfricanUnionCommission\\\/\",\"https:\\\/\\\/x.com\\\/AU_ETTIM\",\"https:\\\/\\\/www.linkedin.com\\\/company\\\/auc-ettim\\\/\"]}]}<\/script>\n<!-- \/ Yoast SEO plugin. -->","yoast_head_json":{"title":"Admission Policy - African Union MSME Forum","robots":{"index":"index","follow":"follow","max-snippet":"max-snippet:-1","max-image-preview":"max-image-preview:large","max-video-preview":"max-video-preview:-1"},"canonical":"https:\/\/msmeforum.africa\/fr\/admission-policy\/","og_locale":"fr_FR","og_type":"article","og_title":"Admission Policy - African Union MSME Forum","og_description":"Admission Policy Home Admission Policy The AU 3rd Micro, Small and Medium-sized Enterprises (MSME) Forum is a four (5) day event on 9-13 September 2024, and will be open to all pre-registered Exhibitors, Delegates, Ministers, VIPs and Media.\u00a0 Only registered Delegates, Media and Exhibitors who are badge holders will be granted admission into the venue. [&hellip;]","og_url":"https:\/\/msmeforum.africa\/fr\/admission-policy\/","og_site_name":"African Union MSME Forum","article_publisher":"https:\/\/www.facebook.com\/AfricanUnionCommission\/","article_modified_time":"2024-08-02T12:09:09+00:00","twitter_card":"summary_large_image","twitter_site":"@AU_ETTIM","twitter_misc":{"Dur\u00e9e de lecture estim\u00e9e":"2 minutes"},"schema":{"@context":"https:\/\/schema.org","@graph":[{"@type":"WebPage","@id":"https:\/\/msmeforum.africa\/admission-policy\/","url":"https:\/\/msmeforum.africa\/admission-policy\/","name":"Admission Policy - African Union MSME Forum","isPartOf":{"@id":"https:\/\/msmeforum.africa\/#website"},"datePublished":"2024-08-02T08:32:08+00:00","dateModified":"2024-08-02T12:09:09+00:00","breadcrumb":{"@id":"https:\/\/msmeforum.africa\/admission-policy\/#breadcrumb"},"inLanguage":"fr-FR","potentialAction":[{"@type":"ReadAction","target":["https:\/\/msmeforum.africa\/admission-policy\/"]}]},{"@type":"BreadcrumbList","@id":"https:\/\/msmeforum.africa\/admission-policy\/#breadcrumb","itemListElement":[{"@type":"ListItem","position":1,"name":"Home","item":"https:\/\/msmeforum.africa\/"},{"@type":"ListItem","position":2,"name":"Admission Policy"}]},{"@type":"WebSite","@id":"https:\/\/msmeforum.africa\/#website","url":"https:\/\/msmeforum.africa\/","name":"Forum MSME 2024","description":"","publisher":{"@id":"https:\/\/msmeforum.africa\/#organization"},"potentialAction":[{"@type":"SearchAction","target":{"@type":"EntryPoint","urlTemplate":"https:\/\/msmeforum.africa\/?s={search_term_string}"},"query-input":{"@type":"PropertyValueSpecification","valueRequired":true,"valueName":"search_term_string"}}],"inLanguage":"fr-FR"},{"@type":"Organization","@id":"https:\/\/msmeforum.africa\/#organization","name":"Commission de l'Union africaine","url":"https:\/\/msmeforum.africa\/","logo":{"@type":"ImageObject","inLanguage":"fr-FR","@id":"https:\/\/msmeforum.africa\/#\/schema\/logo\/image\/","url":"https:\/\/msmeforum.africa\/wp-content\/uploads\/2024\/06\/AU-Logo-Coloured.png","contentUrl":"https:\/\/msmeforum.africa\/wp-content\/uploads\/2024\/06\/AU-Logo-Coloured.png","width":368,"height":126,"caption":"African Union Commission"},"image":{"@id":"https:\/\/msmeforum.africa\/#\/schema\/logo\/image\/"},"sameAs":["https:\/\/www.facebook.com\/AfricanUnionCommission\/","https:\/\/x.com\/AU_ETTIM","https:\/\/www.linkedin.com\/company\/auc-ettim\/"]}]}},"_links":{"self":[{"href":"https:\/\/msmeforum.africa\/fr\/wp-json\/wp\/v2\/pages\/2219","targetHints":{"allow":["GET"]}}],"collection":[{"href":"https:\/\/msmeforum.africa\/fr\/wp-json\/wp\/v2\/pages"}],"about":[{"href":"https:\/\/msmeforum.africa\/fr\/wp-json\/wp\/v2\/types\/page"}],"author":[{"embeddable":true,"href":"https:\/\/msmeforum.africa\/fr\/wp-json\/wp\/v2\/users\/1"}],"replies":[{"embeddable":true,"href":"https:\/\/msmeforum.africa\/fr\/wp-json\/wp\/v2\/comments?post=2219"}],"version-history":[{"count":14,"href":"https:\/\/msmeforum.africa\/fr\/wp-json\/wp\/v2\/pages\/2219\/revisions"}],"predecessor-version":[{"id":2274,"href":"https:\/\/msmeforum.africa\/fr\/wp-json\/wp\/v2\/pages\/2219\/revisions\/2274"}],"wp:attachment":[{"href":"https:\/\/msmeforum.africa\/fr\/wp-json\/wp\/v2\/media?parent=2219"}],"curies":[{"name":"wp","href":"https:\/\/api.w.org\/{rel}","templated":true}]}}