{"id":1549,"date":"2024-07-27T09:21:35","date_gmt":"2024-07-27T08:21:35","guid":{"rendered":"https:\/\/msmeforum.africa\/?page_id=1549"},"modified":"2025-06-12T17:42:36","modified_gmt":"2025-06-12T14:42:36","slug":"hotels","status":"publish","type":"page","link":"https:\/\/msmeforum.africa\/fr\/hotels\/","title":{"rendered":"R\u00e9server des h\u00f4tels"},"content":{"rendered":"<div data-elementor-type=\"wp-page\" data-elementor-id=\"1549\" class=\"elementor elementor-1549\" data-elementor-post-type=\"page\">\n\t\t\t\t\t\t<section class=\"elementor-section elementor-top-section elementor-element elementor-element-22dd7e32 elementor-section-boxed elementor-section-height-default elementor-section-height-default\" data-id=\"22dd7e32\" data-element_type=\"section\" data-e-type=\"section\" data-settings=\"{&quot;background_background&quot;:&quot;classic&quot;,&quot;ekit_has_onepagescroll_dot&quot;:&quot;yes&quot;}\">\n\t\t\t\t\t\t\t<div class=\"elementor-background-overlay\"><\/div>\n\t\t\t\t\t\t\t<div class=\"elementor-container elementor-column-gap-default\">\n\t\t\t\t\t<div class=\"elementor-column elementor-col-100 elementor-top-column elementor-element elementor-element-3d153de6\" data-id=\"3d153de6\" data-element_type=\"column\" data-e-type=\"column\">\n\t\t\t<div class=\"elementor-widget-wrap elementor-element-populated\">\n\t\t\t\t\t\t<div class=\"elementor-element elementor-element-7ea81f7d elementor-widget elementor-widget-heading\" data-id=\"7ea81f7d\" data-element_type=\"widget\" data-e-type=\"widget\" data-settings=\"{&quot;_animation_tablet&quot;:&quot;fadeInUp&quot;,&quot;ekit_we_effect_on&quot;:&quot;none&quot;}\" data-widget_type=\"heading.default\">\n\t\t\t\t<div class=\"elementor-widget-container\">\n\t\t\t\t\t<h2 class=\"elementor-heading-title elementor-size-default\">R\u00e9servez votre s\u00e9jour<\/h2>\t\t\t\t<\/div>\n\t\t\t\t<\/div>\n\t\t\t\t<div class=\"elementor-element elementor-element-32caa000 elementor-icon-list--layout-inline elementor-align-center elementor-list-item-link-full_width elementor-widget elementor-widget-icon-list\" data-id=\"32caa000\" data-element_type=\"widget\" data-e-type=\"widget\" data-settings=\"{&quot;_animation_tablet&quot;:&quot;fadeInUp&quot;,&quot;ekit_we_effect_on&quot;:&quot;none&quot;}\" data-widget_type=\"icon-list.default\">\n\t\t\t\t<div class=\"elementor-widget-container\">\n\t\t\t\t\t\t\t<ul class=\"elementor-icon-list-items elementor-inline-items\">\n\t\t\t\t\t\t\t<li class=\"elementor-icon-list-item elementor-inline-item\">\n\t\t\t\t\t\t\t\t\t\t<span class=\"elementor-icon-list-text\">Accueil<\/span>\n\t\t\t\t\t\t\t\t\t<\/li>\n\t\t\t\t\t\t\t\t<li class=\"elementor-icon-list-item elementor-inline-item\">\n\t\t\t\t\t\t\t\t\t\t<span class=\"elementor-icon-list-text\">H\u00f4tel<\/span>\n\t\t\t\t\t\t\t\t\t<\/li>\n\t\t\t\t\t\t<\/ul>\n\t\t\t\t\t\t<\/div>\n\t\t\t\t<\/div>\n\t\t\t\t\t<\/div>\n\t\t<\/div>\n\t\t\t\t\t<\/div>\n\t\t<\/section>\n\t\t\t\t<section class=\"elementor-section elementor-top-section elementor-element elementor-element-3552a607 elementor-section-content-middle envato-kit-141-top-0 elementor-section-boxed elementor-section-height-default elementor-section-height-default\" data-id=\"3552a607\" data-element_type=\"section\" data-e-type=\"section\" data-settings=\"{&quot;ekit_has_onepagescroll_dot&quot;:&quot;yes&quot;}\">\n\t\t\t\t\t\t<div class=\"elementor-container elementor-column-gap-default\">\n\t\t\t\t\t<div class=\"elementor-column elementor-col-100 elementor-top-column elementor-element elementor-element-e5de449\" data-id=\"e5de449\" data-element_type=\"column\" data-e-type=\"column\">\n\t\t\t<div class=\"elementor-widget-wrap elementor-element-populated\">\n\t\t\t\t\t\t<div class=\"elementor-element elementor-element-fdc22f5 elementor-widget elementor-widget-heading\" data-id=\"fdc22f5\" data-element_type=\"widget\" data-e-type=\"widget\" data-settings=\"{&quot;ekit_we_effect_on&quot;:&quot;none&quot;}\" data-widget_type=\"heading.default\">\n\t\t\t\t<div class=\"elementor-widget-container\">\n\t\t\t\t\t<h3 class=\"elementor-heading-title elementor-size-default\">Recommandations d'h\u00f4tels<\/h3>\t\t\t\t<\/div>\n\t\t\t\t<\/div>\n\t\t\t\t<div class=\"elementor-element elementor-element-fddeafc elementor-invisible elementor-widget elementor-widget-heading\" data-id=\"fddeafc\" data-element_type=\"widget\" data-e-type=\"widget\" data-settings=\"{&quot;_animation&quot;:&quot;fadeIn&quot;,&quot;_animation_delay&quot;:150,&quot;ekit_we_effect_on&quot;:&quot;none&quot;}\" data-widget_type=\"heading.default\">\n\t\t\t\t<div class=\"elementor-widget-container\">\n\t\t\t\t\t<h2 class=\"elementor-heading-title elementor-size-default\">Nous avons dress\u00e9 une liste d'h\u00f4tels pour que votre s\u00e9jour au Nigeria soit des plus agr\u00e9ables. <\/h2>\t\t\t\t<\/div>\n\t\t\t\t<\/div>\n\t\t\t\t\t<\/div>\n\t\t<\/div>\n\t\t\t\t\t<\/div>\n\t\t<\/section>\n\t\t\t\t<section class=\"elementor-section elementor-top-section elementor-element elementor-element-858f916 elementor-section-boxed elementor-section-height-default elementor-section-height-default\" data-id=\"858f916\" data-element_type=\"section\" data-e-type=\"section\" data-settings=\"{&quot;ekit_has_onepagescroll_dot&quot;:&quot;yes&quot;}\">\n\t\t\t\t\t\t<div class=\"elementor-container elementor-column-gap-default\">\n\t\t\t\t\t<div class=\"elementor-column elementor-col-33 elementor-top-column elementor-element elementor-element-3475cbe\" data-id=\"3475cbe\" data-element_type=\"column\" data-e-type=\"column\">\n\t\t\t<div class=\"elementor-widget-wrap elementor-element-populated\">\n\t\t\t\t\t\t<div class=\"elementor-element elementor-element-7257ade elementor-widget elementor-widget-tfimagebox\" data-id=\"7257ade\" data-element_type=\"widget\" data-e-type=\"widget\" data-settings=\"{&quot;ekit_we_effect_on&quot;:&quot;none&quot;}\" data-widget_type=\"tfimagebox.default\">\n\t\t\t\t<div class=\"elementor-widget-container\">\n\t\t\t\t\t<div class=\"tf-imagebox style-1\">\r\n\t\t\t\t<div class=\"image\"> <div class=\"image-overlay fade-in\"><\/div><\/div>\r\n\t\t\t\t<div class=\"content-only\"> <h4 class=\"title\"><a href=\"https:\/\/www.frasershospitality.com\/en\/nigeria\/abuja\/fraser-suites-abuja\/%20\">Suites Fraiser<\/a><\/h4><\/div>\r\n\t\t\t\t<div class=\"content\"> <h4 class=\"title\"><a href=\"https:\/\/www.frasershospitality.com\/en\/nigeria\/abuja\/fraser-suites-abuja\/%20\">Suites Fraiser<\/a><\/h4>  <div class=\"tf-button-container\"><a class=\"tf-button bt_icon_after hover-default\" href=\"https:\/\/www.frasershospitality.com\/en\/nigeria\/abuja\/fraser-suites-abuja\/%20\">R\u00e9server maintenant <i class=\"fasfa-angle-double-right\"><\/i><\/a><\/div><\/div>\r\n\t\t\t<\/div>\t\t\t\t<\/div>\n\t\t\t\t<\/div>\n\t\t\t\t\t<\/div>\n\t\t<\/div>\n\t\t\t\t<div class=\"elementor-column elementor-col-33 elementor-top-column elementor-element elementor-element-8a7cb15\" data-id=\"8a7cb15\" data-element_type=\"column\" data-e-type=\"column\">\n\t\t\t<div class=\"elementor-widget-wrap elementor-element-populated\">\n\t\t\t\t\t\t<div class=\"elementor-element elementor-element-39e4531 elementor-widget elementor-widget-tfimagebox\" data-id=\"39e4531\" data-element_type=\"widget\" data-e-type=\"widget\" data-settings=\"{&quot;ekit_we_effect_on&quot;:&quot;none&quot;}\" data-widget_type=\"tfimagebox.default\">\n\t\t\t\t<div class=\"elementor-widget-container\">\n\t\t\t\t\t<div class=\"tf-imagebox style-1\">\r\n\t\t\t\t<div class=\"image\"> <div class=\"image-overlay fade-in\"><\/div><\/div>\r\n\t\t\t\t<div class=\"content-only\"> <h4 class=\"title\"><a href=\"https:\/\/boltonwhitehotel.com\/%20\">H\u00f4tel Bolton White<\/a><\/h4><\/div>\r\n\t\t\t\t<div class=\"content\"> <h4 class=\"title\"><a href=\"https:\/\/boltonwhitehotel.com\/%20\">H\u00f4tel Bolton White<\/a><\/h4>  <div class=\"tf-button-container\"><a class=\"tf-button bt_icon_after hover-default\" href=\"https:\/\/boltonwhitehotel.com\/%20\">R\u00e9server maintenant <i class=\"fasfa-angle-double-right\"><\/i><\/a><\/div><\/div>\r\n\t\t\t<\/div>\t\t\t\t<\/div>\n\t\t\t\t<\/div>\n\t\t\t\t\t<\/div>\n\t\t<\/div>\n\t\t\t\t<div class=\"elementor-column elementor-col-33 elementor-top-column elementor-element elementor-element-b7e01c1\" data-id=\"b7e01c1\" data-element_type=\"column\" data-e-type=\"column\">\n\t\t\t<div class=\"elementor-widget-wrap elementor-element-populated\">\n\t\t\t\t\t\t<div class=\"elementor-element elementor-element-6ba6466 elementor-widget elementor-widget-tfimagebox\" data-id=\"6ba6466\" data-element_type=\"widget\" data-e-type=\"widget\" data-settings=\"{&quot;ekit_we_effect_on&quot;:&quot;none&quot;}\" data-widget_type=\"tfimagebox.default\">\n\t\t\t\t<div class=\"elementor-widget-container\">\n\t\t\t\t\t<div class=\"tf-imagebox style-1\">\r\n\t\t\t\t<div class=\"image\"> <div class=\"image-overlay fade-in\"><\/div><\/div>\r\n\t\t\t\t<div class=\"content-only\"> <h4 class=\"title\"><a href=\"https:\/\/stayelysian.com\/%20%20\">L'h\u00f4tel Elysian<\/a><\/h4><\/div>\r\n\t\t\t\t<div class=\"content\"> <h4 class=\"title\"><a href=\"https:\/\/stayelysian.com\/%20%20\">L'h\u00f4tel Elysian<\/a><\/h4>  <div class=\"tf-button-container\"><a class=\"tf-button bt_icon_after hover-default\" href=\"https:\/\/stayelysian.com\/%20%20\">R\u00e9server maintenant <i class=\"fasfa-angle-double-right\"><\/i><\/a><\/div><\/div>\r\n\t\t\t<\/div>\t\t\t\t<\/div>\n\t\t\t\t<\/div>\n\t\t\t\t\t<\/div>\n\t\t<\/div>\n\t\t\t\t\t<\/div>\n\t\t<\/section>\n\t\t\t\t<section class=\"elementor-section elementor-top-section elementor-element elementor-element-2eb8124 elementor-section-boxed elementor-section-height-default elementor-section-height-default\" data-id=\"2eb8124\" data-element_type=\"section\" data-e-type=\"section\" data-settings=\"{&quot;ekit_has_onepagescroll_dot&quot;:&quot;yes&quot;}\">\n\t\t\t\t\t\t<div class=\"elementor-container elementor-column-gap-default\">\n\t\t\t\t\t<div class=\"elementor-column elementor-col-33 elementor-top-column elementor-element elementor-element-9d1df16\" data-id=\"9d1df16\" data-element_type=\"column\" data-e-type=\"column\">\n\t\t\t<div class=\"elementor-widget-wrap elementor-element-populated\">\n\t\t\t\t\t\t<div class=\"elementor-element elementor-element-ac5a343 elementor-widget elementor-widget-tfimagebox\" data-id=\"ac5a343\" data-element_type=\"widget\" data-e-type=\"widget\" data-settings=\"{&quot;ekit_we_effect_on&quot;:&quot;none&quot;}\" data-widget_type=\"tfimagebox.default\">\n\t\t\t\t<div class=\"elementor-widget-container\">\n\t\t\t\t\t<div class=\"tf-imagebox style-1\">\r\n\t\t\t\t<div class=\"image\"> <div class=\"image-overlay fade-in\"><\/div><\/div>\r\n\t\t\t\t<div class=\"content-only\"> <h4 class=\"title\"><a href=\"https:\/\/husk.ng\/room_category\/clay-house-maitama-abuja\/%20\">Collection Clay House by Husk<\/a><\/h4><\/div>\r\n\t\t\t\t<div class=\"content\"> <h4 class=\"title\"><a href=\"https:\/\/husk.ng\/room_category\/clay-house-maitama-abuja\/%20\">Collection Clay House by Husk<\/a><\/h4>  <div class=\"tf-button-container\"><a class=\"tf-button bt_icon_after hover-default\" href=\"https:\/\/husk.ng\/room_category\/clay-house-maitama-abuja\/%20\">Lire la suite <i class=\"fasfa-angle-double-right\"><\/i><\/a><\/div><\/div>\r\n\t\t\t<\/div>\t\t\t\t<\/div>\n\t\t\t\t<\/div>\n\t\t\t\t\t<\/div>\n\t\t<\/div>\n\t\t\t\t<div class=\"elementor-column elementor-col-33 elementor-top-column elementor-element elementor-element-1981305\" data-id=\"1981305\" data-element_type=\"column\" data-e-type=\"column\">\n\t\t\t<div class=\"elementor-widget-wrap elementor-element-populated\">\n\t\t\t\t\t\t<div class=\"elementor-element elementor-element-f2273a8 elementor-widget elementor-widget-tfimagebox\" data-id=\"f2273a8\" data-element_type=\"widget\" data-e-type=\"widget\" data-settings=\"{&quot;ekit_we_effect_on&quot;:&quot;none&quot;}\" data-widget_type=\"tfimagebox.default\">\n\t\t\t\t<div class=\"elementor-widget-container\">\n\t\t\t\t\t<div class=\"tf-imagebox style-1\">\r\n\t\t\t\t<div class=\"image\"> <div class=\"image-overlay fade-in\"><\/div><\/div>\r\n\t\t\t\t<div class=\"content-only\"> <h4 class=\"title\"><a href=\"https:\/\/the-panama.com\/index.html%20\">L'h\u00f4tel Panama<\/a><\/h4><\/div>\r\n\t\t\t\t<div class=\"content\"> <h4 class=\"title\"><a href=\"https:\/\/the-panama.com\/index.html%20\">L'h\u00f4tel Panama<\/a><\/h4>  <div class=\"tf-button-container\"><a class=\"tf-button bt_icon_after hover-default\" href=\"https:\/\/the-panama.com\/index.html%20\">Lire la suite <i class=\"fasfa-angle-double-right\"><\/i><\/a><\/div><\/div>\r\n\t\t\t<\/div>\t\t\t\t<\/div>\n\t\t\t\t<\/div>\n\t\t\t\t\t<\/div>\n\t\t<\/div>\n\t\t\t\t<div class=\"elementor-column elementor-col-33 elementor-top-column elementor-element elementor-element-26d99d9\" data-id=\"26d99d9\" data-element_type=\"column\" data-e-type=\"column\">\n\t\t\t<div class=\"elementor-widget-wrap elementor-element-populated\">\n\t\t\t\t\t\t<div class=\"elementor-element elementor-element-96fd608 elementor-widget elementor-widget-tfimagebox\" data-id=\"96fd608\" data-element_type=\"widget\" data-e-type=\"widget\" data-settings=\"{&quot;ekit_we_effect_on&quot;:&quot;none&quot;}\" data-widget_type=\"tfimagebox.default\">\n\t\t\t\t<div class=\"elementor-widget-container\">\n\t\t\t\t\t<div class=\"tf-imagebox style-1\">\r\n\t\t\t\t<div class=\"image\"> <div class=\"image-overlay fade-in\"><\/div><\/div>\r\n\t\t\t\t<div class=\"content-only\"> <h4 class=\"title\"><a href=\"https:\/\/stayandhomely.com\/%20\">S\u00e9journer et se sentir chez soi<\/a><\/h4><\/div>\r\n\t\t\t\t<div class=\"content\"> <h4 class=\"title\"><a href=\"https:\/\/stayandhomely.com\/%20\">S\u00e9journer et se sentir chez soi<\/a><\/h4>  <div class=\"tf-button-container\"><a class=\"tf-button bt_icon_after hover-default\" href=\"https:\/\/stayandhomely.com\/%20\">Lire la suite <i class=\"fasfa-angle-double-right\"><\/i><\/a><\/div><\/div>\r\n\t\t\t<\/div>\t\t\t\t<\/div>\n\t\t\t\t<\/div>\n\t\t\t\t\t<\/div>\n\t\t<\/div>\n\t\t\t\t\t<\/div>\n\t\t<\/section>\n\t\t\t\t<section class=\"elementor-section elementor-top-section elementor-element elementor-element-2397552 elementor-section-boxed elementor-section-height-default elementor-section-height-default\" data-id=\"2397552\" data-element_type=\"section\" data-e-type=\"section\" data-settings=\"{&quot;ekit_has_onepagescroll_dot&quot;:&quot;yes&quot;}\">\n\t\t\t\t\t\t<div class=\"elementor-container elementor-column-gap-default\">\n\t\t\t\t\t<div class=\"elementor-column elementor-col-33 elementor-top-column elementor-element elementor-element-c1e2d37\" data-id=\"c1e2d37\" data-element_type=\"column\" data-e-type=\"column\">\n\t\t\t<div class=\"elementor-widget-wrap\">\n\t\t\t\t\t\t\t<\/div>\n\t\t<\/div>\n\t\t\t\t<div class=\"elementor-column elementor-col-33 elementor-top-column elementor-element elementor-element-c075953\" data-id=\"c075953\" data-element_type=\"column\" data-e-type=\"column\">\n\t\t\t<div class=\"elementor-widget-wrap elementor-element-populated\">\n\t\t\t\t\t\t<div class=\"elementor-element elementor-element-586d3c0 elementor-widget elementor-widget-tfimagebox\" data-id=\"586d3c0\" data-element_type=\"widget\" data-e-type=\"widget\" data-settings=\"{&quot;ekit_we_effect_on&quot;:&quot;none&quot;}\" data-widget_type=\"tfimagebox.default\">\n\t\t\t\t<div class=\"elementor-widget-container\">\n\t\t\t\t\t<div class=\"tf-imagebox style-1\">\r\n\t\t\t\t<div class=\"image\"> <div class=\"image-overlay fade-in\"><\/div><\/div>\r\n\t\t\t\t<div class=\"content-only\"> <h4 class=\"title\"><a href=\"tel:+2349116187566\">Home Away, la destination<\/a><\/h4><\/div>\r\n\t\t\t\t<div class=\"content\"> <h4 class=\"title\"><a href=\"tel:+2349116187566\">Home Away, la destination<\/a><\/h4>  <div class=\"tf-button-container\"><a class=\"tf-button bt_icon_after hover-default\" href=\"tel:+2349116187566\">Lire la suite <i class=\"fasfa-angle-double-right\"><\/i><\/a><\/div><\/div>\r\n\t\t\t<\/div>\t\t\t\t<\/div>\n\t\t\t\t<\/div>\n\t\t\t\t\t<\/div>\n\t\t<\/div>\n\t\t\t\t<div class=\"elementor-column elementor-col-33 elementor-top-column elementor-element elementor-element-3489a75\" data-id=\"3489a75\" data-element_type=\"column\" data-e-type=\"column\">\n\t\t\t<div class=\"elementor-widget-wrap\">\n\t\t\t\t\t\t\t<\/div>\n\t\t<\/div>\n\t\t\t\t\t<\/div>\n\t\t<\/section>\n\t\t\t\t<\/div>","protected":false},"excerpt":{"rendered":"<p>Book Your Stay Home Hotel Hotel Recommendations We have curated a list of hotels to make your stay in Nigeria an enjoyable one. Fraiser Suites Fraiser Suites Reserve Now Bolton White Hotel Bolton White Hotel Reserve Now The Elysian Hotel The Elysian Hotel Reserve Now Clay House by Husk Collection Clay House by Husk Collection [&hellip;]<\/p>\n","protected":false},"author":1,"featured_media":0,"parent":0,"menu_order":0,"comment_status":"closed","ping_status":"closed","template":"","meta":{"footnotes":""},"class_list":["post-1549","page","type-page","status-publish","hentry"],"yoast_head":"<!-- This site is optimized with the Yoast SEO plugin v27.5 - https:\/\/yoast.com\/product\/yoast-seo-wordpress\/ -->\n<title>Book Hotels - African Union MSME Forum<\/title>\n<meta name=\"robots\" content=\"index, follow, max-snippet:-1, max-image-preview:large, max-video-preview:-1\" \/>\n<link rel=\"canonical\" href=\"https:\/\/msmeforum.africa\/fr\/hotels\/\" \/>\n<meta property=\"og:locale\" content=\"fr_FR\" \/>\n<meta property=\"og:type\" content=\"article\" \/>\n<meta property=\"og:title\" content=\"Book Hotels - African Union MSME Forum\" \/>\n<meta property=\"og:description\" content=\"Book Your Stay Home Hotel Hotel Recommendations We have curated a list of hotels to make your stay in Nigeria an enjoyable one. Fraiser Suites Fraiser Suites Reserve Now Bolton White Hotel Bolton White Hotel Reserve Now The Elysian Hotel The Elysian Hotel Reserve Now Clay House by Husk Collection Clay House by Husk Collection [&hellip;]\" \/>\n<meta property=\"og:url\" content=\"https:\/\/msmeforum.africa\/fr\/hotels\/\" \/>\n<meta property=\"og:site_name\" content=\"African Union MSME Forum\" \/>\n<meta property=\"article:publisher\" content=\"https:\/\/www.facebook.com\/AfricanUnionCommission\/\" \/>\n<meta property=\"article:modified_time\" content=\"2025-06-12T14:42:36+00:00\" \/>\n<meta name=\"twitter:card\" content=\"summary_large_image\" \/>\n<meta name=\"twitter:site\" content=\"@AU_ETTIM\" \/>\n<meta name=\"twitter:label1\" content=\"Dur\u00e9e de lecture estim\u00e9e\" \/>\n\t<meta name=\"twitter:data1\" content=\"1 minute\" \/>\n<script type=\"application\/ld+json\" class=\"yoast-schema-graph\">{\"@context\":\"https:\\\/\\\/schema.org\",\"@graph\":[{\"@type\":\"WebPage\",\"@id\":\"https:\\\/\\\/msmeforum.africa\\\/hotels\\\/\",\"url\":\"https:\\\/\\\/msmeforum.africa\\\/hotels\\\/\",\"name\":\"Book Hotels - African Union MSME Forum\",\"isPartOf\":{\"@id\":\"https:\\\/\\\/msmeforum.africa\\\/#website\"},\"datePublished\":\"2024-07-27T08:21:35+00:00\",\"dateModified\":\"2025-06-12T14:42:36+00:00\",\"breadcrumb\":{\"@id\":\"https:\\\/\\\/msmeforum.africa\\\/hotels\\\/#breadcrumb\"},\"inLanguage\":\"fr-FR\",\"potentialAction\":[{\"@type\":\"ReadAction\",\"target\":[\"https:\\\/\\\/msmeforum.africa\\\/hotels\\\/\"]}]},{\"@type\":\"BreadcrumbList\",\"@id\":\"https:\\\/\\\/msmeforum.africa\\\/hotels\\\/#breadcrumb\",\"itemListElement\":[{\"@type\":\"ListItem\",\"position\":1,\"name\":\"Home\",\"item\":\"https:\\\/\\\/msmeforum.africa\\\/\"},{\"@type\":\"ListItem\",\"position\":2,\"name\":\"Book Hotels\"}]},{\"@type\":\"WebSite\",\"@id\":\"https:\\\/\\\/msmeforum.africa\\\/#website\",\"url\":\"https:\\\/\\\/msmeforum.africa\\\/\",\"name\":\"MSME Forum 2024\",\"description\":\"\",\"publisher\":{\"@id\":\"https:\\\/\\\/msmeforum.africa\\\/#organization\"},\"potentialAction\":[{\"@type\":\"SearchAction\",\"target\":{\"@type\":\"EntryPoint\",\"urlTemplate\":\"https:\\\/\\\/msmeforum.africa\\\/?s={search_term_string}\"},\"query-input\":{\"@type\":\"PropertyValueSpecification\",\"valueRequired\":true,\"valueName\":\"search_term_string\"}}],\"inLanguage\":\"fr-FR\"},{\"@type\":\"Organization\",\"@id\":\"https:\\\/\\\/msmeforum.africa\\\/#organization\",\"name\":\"African Union Commission\",\"url\":\"https:\\\/\\\/msmeforum.africa\\\/\",\"logo\":{\"@type\":\"ImageObject\",\"inLanguage\":\"fr-FR\",\"@id\":\"https:\\\/\\\/msmeforum.africa\\\/#\\\/schema\\\/logo\\\/image\\\/\",\"url\":\"https:\\\/\\\/msmeforum.africa\\\/wp-content\\\/uploads\\\/2024\\\/06\\\/AU-Logo-Coloured.png\",\"contentUrl\":\"https:\\\/\\\/msmeforum.africa\\\/wp-content\\\/uploads\\\/2024\\\/06\\\/AU-Logo-Coloured.png\",\"width\":368,\"height\":126,\"caption\":\"African Union Commission\"},\"image\":{\"@id\":\"https:\\\/\\\/msmeforum.africa\\\/#\\\/schema\\\/logo\\\/image\\\/\"},\"sameAs\":[\"https:\\\/\\\/www.facebook.com\\\/AfricanUnionCommission\\\/\",\"https:\\\/\\\/x.com\\\/AU_ETTIM\",\"https:\\\/\\\/www.linkedin.com\\\/company\\\/auc-ettim\\\/\"]}]}<\/script>\n<!-- \/ Yoast SEO plugin. -->","yoast_head_json":{"title":"Book Hotels - African Union MSME Forum","robots":{"index":"index","follow":"follow","max-snippet":"max-snippet:-1","max-image-preview":"max-image-preview:large","max-video-preview":"max-video-preview:-1"},"canonical":"https:\/\/msmeforum.africa\/fr\/hotels\/","og_locale":"fr_FR","og_type":"article","og_title":"Book Hotels - African Union MSME Forum","og_description":"Book Your Stay Home Hotel Hotel Recommendations We have curated a list of hotels to make your stay in Nigeria an enjoyable one. Fraiser Suites Fraiser Suites Reserve Now Bolton White Hotel Bolton White Hotel Reserve Now The Elysian Hotel The Elysian Hotel Reserve Now Clay House by Husk Collection Clay House by Husk Collection [&hellip;]","og_url":"https:\/\/msmeforum.africa\/fr\/hotels\/","og_site_name":"African Union MSME Forum","article_publisher":"https:\/\/www.facebook.com\/AfricanUnionCommission\/","article_modified_time":"2025-06-12T14:42:36+00:00","twitter_card":"summary_large_image","twitter_site":"@AU_ETTIM","twitter_misc":{"Dur\u00e9e de lecture estim\u00e9e":"1 minute"},"schema":{"@context":"https:\/\/schema.org","@graph":[{"@type":"WebPage","@id":"https:\/\/msmeforum.africa\/hotels\/","url":"https:\/\/msmeforum.africa\/hotels\/","name":"Book Hotels - African Union MSME Forum","isPartOf":{"@id":"https:\/\/msmeforum.africa\/#website"},"datePublished":"2024-07-27T08:21:35+00:00","dateModified":"2025-06-12T14:42:36+00:00","breadcrumb":{"@id":"https:\/\/msmeforum.africa\/hotels\/#breadcrumb"},"inLanguage":"fr-FR","potentialAction":[{"@type":"ReadAction","target":["https:\/\/msmeforum.africa\/hotels\/"]}]},{"@type":"BreadcrumbList","@id":"https:\/\/msmeforum.africa\/hotels\/#breadcrumb","itemListElement":[{"@type":"ListItem","position":1,"name":"Home","item":"https:\/\/msmeforum.africa\/"},{"@type":"ListItem","position":2,"name":"Book Hotels"}]},{"@type":"WebSite","@id":"https:\/\/msmeforum.africa\/#website","url":"https:\/\/msmeforum.africa\/","name":"Forum MSME 2024","description":"","publisher":{"@id":"https:\/\/msmeforum.africa\/#organization"},"potentialAction":[{"@type":"SearchAction","target":{"@type":"EntryPoint","urlTemplate":"https:\/\/msmeforum.africa\/?s={search_term_string}"},"query-input":{"@type":"PropertyValueSpecification","valueRequired":true,"valueName":"search_term_string"}}],"inLanguage":"fr-FR"},{"@type":"Organization","@id":"https:\/\/msmeforum.africa\/#organization","name":"Commission de l'Union africaine","url":"https:\/\/msmeforum.africa\/","logo":{"@type":"ImageObject","inLanguage":"fr-FR","@id":"https:\/\/msmeforum.africa\/#\/schema\/logo\/image\/","url":"https:\/\/msmeforum.africa\/wp-content\/uploads\/2024\/06\/AU-Logo-Coloured.png","contentUrl":"https:\/\/msmeforum.africa\/wp-content\/uploads\/2024\/06\/AU-Logo-Coloured.png","width":368,"height":126,"caption":"African Union Commission"},"image":{"@id":"https:\/\/msmeforum.africa\/#\/schema\/logo\/image\/"},"sameAs":["https:\/\/www.facebook.com\/AfricanUnionCommission\/","https:\/\/x.com\/AU_ETTIM","https:\/\/www.linkedin.com\/company\/auc-ettim\/"]}]}},"_links":{"self":[{"href":"https:\/\/msmeforum.africa\/fr\/wp-json\/wp\/v2\/pages\/1549","targetHints":{"allow":["GET"]}}],"collection":[{"href":"https:\/\/msmeforum.africa\/fr\/wp-json\/wp\/v2\/pages"}],"about":[{"href":"https:\/\/msmeforum.africa\/fr\/wp-json\/wp\/v2\/types\/page"}],"author":[{"embeddable":true,"href":"https:\/\/msmeforum.africa\/fr\/wp-json\/wp\/v2\/users\/1"}],"replies":[{"embeddable":true,"href":"https:\/\/msmeforum.africa\/fr\/wp-json\/wp\/v2\/comments?post=1549"}],"version-history":[{"count":53,"href":"https:\/\/msmeforum.africa\/fr\/wp-json\/wp\/v2\/pages\/1549\/revisions"}],"predecessor-version":[{"id":2702,"href":"https:\/\/msmeforum.africa\/fr\/wp-json\/wp\/v2\/pages\/1549\/revisions\/2702"}],"wp:attachment":[{"href":"https:\/\/msmeforum.africa\/fr\/wp-json\/wp\/v2\/media?parent=1549"}],"curies":[{"name":"wp","href":"https:\/\/api.w.org\/{rel}","templated":true}]}}